{"id":1048,"date":"2025-11-30T13:40:53","date_gmt":"2025-11-30T12:40:53","guid":{"rendered":"https:\/\/industrialterrancorp.fr\/?page_id=1048"},"modified":"2025-11-30T13:53:24","modified_gmt":"2025-11-30T12:53:24","slug":"exploration-renseignement-civil","status":"publish","type":"page","link":"https:\/\/industrialterrancorp.fr\/?page_id=1048","title":{"rendered":"Exploration &#038; Renseignement Civil"},"content":{"rendered":"\t\t<div data-elementor-type=\"wp-page\" data-elementor-id=\"1048\" class=\"elementor elementor-1048\" data-elementor-post-type=\"page\">\n\t\t\t\t<div class=\"elementor-element elementor-element-9afc864 e-con-full e-transform e-flex e-con e-parent\" data-id=\"9afc864\" data-element_type=\"container\" data-settings=\"{&quot;background_background&quot;:&quot;video&quot;,&quot;background_video_link&quot;:&quot;https:\\\/\\\/www.youtube.com\\\/watch?v=CM8lVZuwGwo&quot;,&quot;background_video_end&quot;:88,&quot;_transform_scaleX_effect&quot;:{&quot;unit&quot;:&quot;px&quot;,&quot;size&quot;:1.1,&quot;sizes&quot;:[]},&quot;_transform_scaleY_effect&quot;:{&quot;unit&quot;:&quot;px&quot;,&quot;size&quot;:1.2,&quot;sizes&quot;:[]},&quot;background_video_start&quot;:62,&quot;_transform_scaleX_effect_tablet&quot;:{&quot;unit&quot;:&quot;px&quot;,&quot;size&quot;:&quot;&quot;,&quot;sizes&quot;:[]},&quot;_transform_scaleX_effect_mobile&quot;:{&quot;unit&quot;:&quot;px&quot;,&quot;size&quot;:&quot;&quot;,&quot;sizes&quot;:[]},&quot;_transform_scaleY_effect_tablet&quot;:{&quot;unit&quot;:&quot;px&quot;,&quot;size&quot;:&quot;&quot;,&quot;sizes&quot;:[]},&quot;_transform_scaleY_effect_mobile&quot;:{&quot;unit&quot;:&quot;px&quot;,&quot;size&quot;:&quot;&quot;,&quot;sizes&quot;:[]}}\">\n\t\t<div class=\"elementor-background-video-container elementor-hidden-mobile\" aria-hidden=\"true\">\n\t\t\t\t\t\t\t<div class=\"elementor-background-video-embed\"><\/div>\n\t\t\t\t\t\t<\/div>\t\t<\/div>\n\t\t<div class=\"elementor-element elementor-element-6ca18f3 e-flex e-con-boxed e-con e-parent\" data-id=\"6ca18f3\" data-element_type=\"container\" data-settings=\"{&quot;background_background&quot;:&quot;classic&quot;}\">\n\t\t\t\t\t<div class=\"e-con-inner\">\n\t\t\t\t<div class=\"elementor-element elementor-element-f9513ab elementor-widget elementor-widget-text-editor\" data-id=\"f9513ab\" data-element_type=\"widget\" data-widget_type=\"text-editor.default\">\n\t\t\t\t\t\t\t\t\t<p><img fetchpriority=\"high\" decoding=\"async\" class=\"size-medium wp-image-1047 aligncenter\" src=\"https:\/\/industrialterrancorp.fr\/wp-content\/uploads\/2025\/11\/77300286-0e23-406a-9972-fd95da52ba91-300x200.png\" alt=\"\" width=\"300\" height=\"200\" srcset=\"https:\/\/industrialterrancorp.fr\/wp-content\/uploads\/2025\/11\/77300286-0e23-406a-9972-fd95da52ba91-300x200.png 300w, https:\/\/industrialterrancorp.fr\/wp-content\/uploads\/2025\/11\/77300286-0e23-406a-9972-fd95da52ba91-1024x683.png 1024w, https:\/\/industrialterrancorp.fr\/wp-content\/uploads\/2025\/11\/77300286-0e23-406a-9972-fd95da52ba91-768x512.png 768w, https:\/\/industrialterrancorp.fr\/wp-content\/uploads\/2025\/11\/77300286-0e23-406a-9972-fd95da52ba91-500x333.png 500w, https:\/\/industrialterrancorp.fr\/wp-content\/uploads\/2025\/11\/77300286-0e23-406a-9972-fd95da52ba91-800x533.png 800w, https:\/\/industrialterrancorp.fr\/wp-content\/uploads\/2025\/11\/77300286-0e23-406a-9972-fd95da52ba91-1280x853.png 1280w, https:\/\/industrialterrancorp.fr\/wp-content\/uploads\/2025\/11\/77300286-0e23-406a-9972-fd95da52ba91.png 1536w\" sizes=\"(max-width: 300px) 100vw, 300px\" \/><\/p><p><span style=\"font-weight: 400;\">Le D\u00e9partement Exploration et Renseignement Civil (DERC) est charg\u00e9 de la recherche et de la cartographie des corps c\u00e9lestes\u00a0 pr\u00e9sentant un int\u00e9r\u00eat commercial, \u00e9conomique ou strat\u00e9gique, de champs d\u2019ast\u00e9ro\u00efdes riches en min\u00e9raux ainsi que la r\u00e9cup\u00e9ration d\u2019artefacts technologiques.<\/span><\/p><p><span style=\"font-weight: 400;\">Par ailleurs, le DERC est en charge des recherches scientifiques d\u00e9coulant des d\u00e9couvertes susmentionn\u00e9es et de collecter les donn\u00e9es \u00e9conomiques et commerciales des plan\u00e8tes et stations spatiales explor\u00e9es.<\/span><\/p>\t\t\t\t\t\t\t\t<\/div>\n\t\t\t\t\t<\/div>\n\t\t\t\t<\/div>\n\t\t\t\t<\/div>\n\t\t","protected":false},"excerpt":{"rendered":"<p>Le D\u00e9partement Exploration et Renseignement Civil (DERC) est charg\u00e9 de la recherche et de la cartographie des corps c\u00e9lestes\u00a0 pr\u00e9sentant [&hellip;]<\/p>\n","protected":false},"author":1,"featured_media":0,"parent":0,"menu_order":0,"comment_status":"closed","ping_status":"closed","template":"elementor_theme","meta":{"site-sidebar-layout":"no-sidebar","site-content-layout":"","ast-site-content-layout":"full-width-container","site-content-style":"default","site-sidebar-style":"boxed","ast-global-header-display":"","ast-banner-title-visibility":"","ast-main-header-display":"","ast-hfb-above-header-display":"","ast-hfb-below-header-display":"","ast-hfb-mobile-header-display":"","site-post-title":"disabled","ast-breadcrumbs-content":"","ast-featured-img":"disabled","footer-sml-layout":"","theme-transparent-header-meta":"","adv-header-id-meta":"","stick-header-meta":"","header-above-stick-meta":"","header-main-stick-meta":"","header-below-stick-meta":"","astra-migrate-meta-layouts":"default","ast-page-background-enabled":"default","ast-page-background-meta":{"desktop":{"background-color":"var(--ast-global-color-5)","background-image":"","background-repeat":"repeat","background-position":"center center","background-size":"auto","background-attachment":"scroll","background-type":"","background-media":"","overlay-type":"","overlay-color":"","overlay-opacity":"","overlay-gradient":""},"tablet":{"background-color":"","background-image":"","background-repeat":"repeat","background-position":"center center","background-size":"auto","background-attachment":"scroll","background-type":"","background-media":"","overlay-type":"","overlay-color":"","overlay-opacity":"","overlay-gradient":""},"mobile":{"background-color":"","background-image":"","background-repeat":"repeat","background-position":"center center","background-size":"auto","background-attachment":"scroll","background-type":"","background-media":"","overlay-type":"","overlay-color":"","overlay-opacity":"","overlay-gradient":""}},"ast-content-background-meta":{"desktop":{"background-color":"var(--ast-global-color-4)","background-image":"","background-repeat":"repeat","background-position":"center center","background-size":"auto","background-attachment":"scroll","background-type":"","background-media":"","overlay-type":"","overlay-color":"","overlay-opacity":"","overlay-gradient":""},"tablet":{"background-color":"var(--ast-global-color-4)","background-image":"","background-repeat":"repeat","background-position":"center center","background-size":"auto","background-attachment":"scroll","background-type":"","background-media":"","overlay-type":"","overlay-color":"","overlay-opacity":"","overlay-gradient":""},"mobile":{"background-color":"var(--ast-global-color-4)","background-image":"","background-repeat":"repeat","background-position":"center center","background-size":"auto","background-attachment":"scroll","background-type":"","background-media":"","overlay-type":"","overlay-color":"","overlay-opacity":"","overlay-gradient":""}},"ngg_post_thumbnail":0,"footnotes":""},"class_list":["post-1048","page","type-page","status-publish","hentry"],"_links":{"self":[{"href":"https:\/\/industrialterrancorp.fr\/index.php?rest_route=\/wp\/v2\/pages\/1048","targetHints":{"allow":["GET"]}}],"collection":[{"href":"https:\/\/industrialterrancorp.fr\/index.php?rest_route=\/wp\/v2\/pages"}],"about":[{"href":"https:\/\/industrialterrancorp.fr\/index.php?rest_route=\/wp\/v2\/types\/page"}],"author":[{"embeddable":true,"href":"https:\/\/industrialterrancorp.fr\/index.php?rest_route=\/wp\/v2\/users\/1"}],"replies":[{"embeddable":true,"href":"https:\/\/industrialterrancorp.fr\/index.php?rest_route=%2Fwp%2Fv2%2Fcomments&post=1048"}],"version-history":[{"count":16,"href":"https:\/\/industrialterrancorp.fr\/index.php?rest_route=\/wp\/v2\/pages\/1048\/revisions"}],"predecessor-version":[{"id":1068,"href":"https:\/\/industrialterrancorp.fr\/index.php?rest_route=\/wp\/v2\/pages\/1048\/revisions\/1068"}],"wp:attachment":[{"href":"https:\/\/industrialterrancorp.fr\/index.php?rest_route=%2Fwp%2Fv2%2Fmedia&parent=1048"}],"curies":[{"name":"wp","href":"https:\/\/api.w.org\/{rel}","templated":true}]}}