{"id":1227,"date":"2025-11-30T17:07:47","date_gmt":"2025-11-30T16:07:47","guid":{"rendered":"https:\/\/industrialterrancorp.fr\/?page_id=1227"},"modified":"2025-12-01T16:20:10","modified_gmt":"2025-12-01T15:20:10","slug":"un-peu-dhistoire","status":"publish","type":"page","link":"https:\/\/industrialterrancorp.fr\/?page_id=1227","title":{"rendered":"Un peu d&rsquo;histoire"},"content":{"rendered":"\t\t<div data-elementor-type=\"wp-page\" data-elementor-id=\"1227\" class=\"elementor elementor-1227\" data-elementor-post-type=\"page\">\n\t\t\t\t<div class=\"elementor-element elementor-element-0698ea5 e-transform e-flex e-con-boxed e-con e-parent\" data-id=\"0698ea5\" data-element_type=\"container\" data-settings=\"{&quot;background_background&quot;:&quot;video&quot;,&quot;background_video_link&quot;:&quot;https:\\\/\\\/www.youtube.com\\\/watch?v=1Vb4QpA354A&quot;,&quot;background_video_start&quot;:3,&quot;background_video_end&quot;:85,&quot;_transform_scale_effect&quot;:{&quot;unit&quot;:&quot;px&quot;,&quot;size&quot;:1.1,&quot;sizes&quot;:[]},&quot;_transform_scale_effect_tablet&quot;:{&quot;unit&quot;:&quot;px&quot;,&quot;size&quot;:&quot;&quot;,&quot;sizes&quot;:[]},&quot;_transform_scale_effect_mobile&quot;:{&quot;unit&quot;:&quot;px&quot;,&quot;size&quot;:&quot;&quot;,&quot;sizes&quot;:[]}}\">\n\t\t\t\t\t<div class=\"e-con-inner\">\n\t\t<div class=\"elementor-background-video-container elementor-hidden-mobile\" aria-hidden=\"true\">\n\t\t\t\t\t\t\t<div class=\"elementor-background-video-embed\"><\/div>\n\t\t\t\t\t\t<\/div>\t\t\t<\/div>\n\t\t\t\t<\/div>\n\t\t<div class=\"elementor-element elementor-element-f99f9b2 e-flex e-con-boxed e-con e-parent\" data-id=\"f99f9b2\" data-element_type=\"container\" data-settings=\"{&quot;background_background&quot;:&quot;classic&quot;}\">\n\t\t\t\t\t<div class=\"e-con-inner\">\n\t\t\t\t<div class=\"elementor-element elementor-element-57f2f82 elementor-widget elementor-widget-text-editor\" data-id=\"57f2f82\" data-element_type=\"widget\" data-widget_type=\"text-editor.default\">\n\t\t\t\t\t\t\t\t\t<p><img fetchpriority=\"high\" decoding=\"async\" class=\"alignnone size-medium wp-image-58\" src=\"https:\/\/industrialterrancorp.fr\/wp-content\/uploads\/2025\/11\/aff35858-f6b2-4d7f-9d83-e9565316f9cf-300x200.png\" alt=\"\" width=\"300\" height=\"200\" srcset=\"https:\/\/industrialterrancorp.fr\/wp-content\/uploads\/2025\/11\/aff35858-f6b2-4d7f-9d83-e9565316f9cf-300x200.png 300w, https:\/\/industrialterrancorp.fr\/wp-content\/uploads\/2025\/11\/aff35858-f6b2-4d7f-9d83-e9565316f9cf-1024x683.png 1024w, https:\/\/industrialterrancorp.fr\/wp-content\/uploads\/2025\/11\/aff35858-f6b2-4d7f-9d83-e9565316f9cf-768x512.png 768w, https:\/\/industrialterrancorp.fr\/wp-content\/uploads\/2025\/11\/aff35858-f6b2-4d7f-9d83-e9565316f9cf-500x333.png 500w, https:\/\/industrialterrancorp.fr\/wp-content\/uploads\/2025\/11\/aff35858-f6b2-4d7f-9d83-e9565316f9cf-800x533.png 800w, https:\/\/industrialterrancorp.fr\/wp-content\/uploads\/2025\/11\/aff35858-f6b2-4d7f-9d83-e9565316f9cf-1280x853.png 1280w, https:\/\/industrialterrancorp.fr\/wp-content\/uploads\/2025\/11\/aff35858-f6b2-4d7f-9d83-e9565316f9cf.png 1536w\" sizes=\"(max-width: 300px) 100vw, 300px\" \/><\/p><p>Un peu d\u2019Histoire<\/p><p>INTEC n\u2019est pas n\u00e9e d\u2019un seul homme, mais d\u2019une vision : b\u00e2tir une force industrielle ind\u00e9pendante, capable de prosp\u00e9rer loin des int\u00e9r\u00eats corrompus qui gangr\u00e8nent l\u2019UEE.<\/p><p>Fond\u00e9e par d\u2019anciens ing\u00e9nieurs, pilotes et officiers d\u00e9sabus\u00e9s, INTEC s\u2019est d\u00e9velopp\u00e9e dans l\u2019ombre des grandes m\u00e9gacorporations, refusant la logique d\u2019exploitation aveugle.<br \/>D\u2019abord petit groupe de travailleurs sp\u00e9cialis\u00e9s op\u00e9rant depuis les r\u00e9gions recul\u00e9es, INTEC s\u2019est rapidement impos\u00e9e comme une puissance industrielle \u00e9mergente, structur\u00e9e et disciplin\u00e9e.<\/p><p>Ses premi\u00e8res ann\u00e9es furent marqu\u00e9es par des missions de r\u00e9cup\u00e9ration dangereuses, men\u00e9es dans les secteurs oubli\u00e9s o\u00f9 r\u00e9gnait la loi du plus fort.<br \/>Face aux menaces constantes \u2014 pirates, corporations rivales, instabilit\u00e9 politique \u2014 INTEC s\u2019arma, forma ses membres, et devint rapidement une r\u00e9f\u00e9rence de fiabilit\u00e9.<\/p><p>Aujourd\u2019hui, INTEC poursuit un objectif clair :<br \/>b\u00e2tir une industrie propre, efficace et solide, tout en prot\u00e9geant ceux qui y contribuent.<\/p><p>Une force ind\u00e9pendante.<br \/>Une machine bien huil\u00e9e.<br \/>Une vision tourn\u00e9e vers l\u2019avenir.<\/p>\t\t\t\t\t\t\t\t<\/div>\n\t\t\t\t\t<\/div>\n\t\t\t\t<\/div>\n\t\t\t\t<\/div>\n\t\t","protected":false},"excerpt":{"rendered":"<p>Un peu d\u2019Histoire INTEC n\u2019est pas n\u00e9e d\u2019un seul homme, mais d\u2019une vision : b\u00e2tir une force industrielle ind\u00e9pendante, capable [&hellip;]<\/p>\n","protected":false},"author":1,"featured_media":0,"parent":0,"menu_order":0,"comment_status":"closed","ping_status":"closed","template":"elementor_theme","meta":{"site-sidebar-layout":"no-sidebar","site-content-layout":"","ast-site-content-layout":"full-width-container","site-content-style":"default","site-sidebar-style":"boxed","ast-global-header-display":"","ast-banner-title-visibility":"","ast-main-header-display":"","ast-hfb-above-header-display":"","ast-hfb-below-header-display":"","ast-hfb-mobile-header-display":"","site-post-title":"disabled","ast-breadcrumbs-content":"","ast-featured-img":"disabled","footer-sml-layout":"","theme-transparent-header-meta":"","adv-header-id-meta":"","stick-header-meta":"","header-above-stick-meta":"","header-main-stick-meta":"","header-below-stick-meta":"","astra-migrate-meta-layouts":"default","ast-page-background-enabled":"default","ast-page-background-meta":{"desktop":{"background-color":"var(--ast-global-color-5)","background-image":"","background-repeat":"repeat","background-position":"center center","background-size":"auto","background-attachment":"scroll","background-type":"","background-media":"","overlay-type":"","overlay-color":"","overlay-opacity":"","overlay-gradient":""},"tablet":{"background-color":"","background-image":"","background-repeat":"repeat","background-position":"center center","background-size":"auto","background-attachment":"scroll","background-type":"","background-media":"","overlay-type":"","overlay-color":"","overlay-opacity":"","overlay-gradient":""},"mobile":{"background-color":"","background-image":"","background-repeat":"repeat","background-position":"center center","background-size":"auto","background-attachment":"scroll","background-type":"","background-media":"","overlay-type":"","overlay-color":"","overlay-opacity":"","overlay-gradient":""}},"ast-content-background-meta":{"desktop":{"background-color":"var(--ast-global-color-4)","background-image":"","background-repeat":"repeat","background-position":"center center","background-size":"auto","background-attachment":"scroll","background-type":"","background-media":"","overlay-type":"","overlay-color":"","overlay-opacity":"","overlay-gradient":""},"tablet":{"background-color":"var(--ast-global-color-4)","background-image":"","background-repeat":"repeat","background-position":"center center","background-size":"auto","background-attachment":"scroll","background-type":"","background-media":"","overlay-type":"","overlay-color":"","overlay-opacity":"","overlay-gradient":""},"mobile":{"background-color":"var(--ast-global-color-4)","background-image":"","background-repeat":"repeat","background-position":"center center","background-size":"auto","background-attachment":"scroll","background-type":"","background-media":"","overlay-type":"","overlay-color":"","overlay-opacity":"","overlay-gradient":""}},"ngg_post_thumbnail":0,"footnotes":""},"class_list":["post-1227","page","type-page","status-publish","hentry"],"_links":{"self":[{"href":"https:\/\/industrialterrancorp.fr\/index.php?rest_route=\/wp\/v2\/pages\/1227","targetHints":{"allow":["GET"]}}],"collection":[{"href":"https:\/\/industrialterrancorp.fr\/index.php?rest_route=\/wp\/v2\/pages"}],"about":[{"href":"https:\/\/industrialterrancorp.fr\/index.php?rest_route=\/wp\/v2\/types\/page"}],"author":[{"embeddable":true,"href":"https:\/\/industrialterrancorp.fr\/index.php?rest_route=\/wp\/v2\/users\/1"}],"replies":[{"embeddable":true,"href":"https:\/\/industrialterrancorp.fr\/index.php?rest_route=%2Fwp%2Fv2%2Fcomments&post=1227"}],"version-history":[{"count":18,"href":"https:\/\/industrialterrancorp.fr\/index.php?rest_route=\/wp\/v2\/pages\/1227\/revisions"}],"predecessor-version":[{"id":1353,"href":"https:\/\/industrialterrancorp.fr\/index.php?rest_route=\/wp\/v2\/pages\/1227\/revisions\/1353"}],"wp:attachment":[{"href":"https:\/\/industrialterrancorp.fr\/index.php?rest_route=%2Fwp%2Fv2%2Fmedia&parent=1227"}],"curies":[{"name":"wp","href":"https:\/\/api.w.org\/{rel}","templated":true}]}}