{"id":27,"date":"2025-10-20T21:37:20","date_gmt":"2025-10-20T19:37:20","guid":{"rendered":"https:\/\/industrialterrancorp.fr\/?page_id=27"},"modified":"2025-12-01T16:15:49","modified_gmt":"2025-12-01T15:15:49","slug":"infos","status":"publish","type":"page","link":"https:\/\/industrialterrancorp.fr\/?page_id=27","title":{"rendered":"Qui sommes-nous ?"},"content":{"rendered":"\t\t<div data-elementor-type=\"wp-page\" data-elementor-id=\"27\" class=\"elementor elementor-27\" data-elementor-post-type=\"page\">\n\t\t\t\t<div class=\"elementor-element elementor-element-8269a60 e-con-full e-flex e-con e-parent\" data-id=\"8269a60\" data-element_type=\"container\" data-settings=\"{&quot;background_background&quot;:&quot;slideshow&quot;,&quot;background_slideshow_gallery&quot;:[{&quot;id&quot;:1120,&quot;url&quot;:&quot;https:\\\/\\\/industrialterrancorp.fr\\\/wp-content\\\/uploads\\\/2025\\\/11\\\/MISC_Odyssey_Promo_Refinery_Room_PJ01-scaled.jpg&quot;}],&quot;background_slideshow_loop&quot;:&quot;yes&quot;,&quot;background_slideshow_slide_duration&quot;:5000,&quot;background_slideshow_slide_transition&quot;:&quot;fade&quot;,&quot;background_slideshow_transition_duration&quot;:500}\">\n\t\t\t\t<\/div>\n\t\t<div class=\"elementor-element elementor-element-30434e9 e-flex e-con-boxed e-con e-parent\" data-id=\"30434e9\" data-element_type=\"container\" data-settings=\"{&quot;background_background&quot;:&quot;classic&quot;}\">\n\t\t\t\t\t<div class=\"e-con-inner\">\n\t\t\t\t<div class=\"elementor-element elementor-element-314168c elementor-widget elementor-widget-text-editor\" data-id=\"314168c\" data-element_type=\"widget\" data-widget_type=\"text-editor.default\">\n\t\t\t\t\t\t\t\t\t<p>INTEC<\/p><p>Corporation francophone sp\u00e9cialis\u00e9e dans l\u2019industrie, la logistique avanc\u00e9e et les op\u00e9rations de s\u00e9curit\u00e9 dans Star Citizen.<\/p><p>INTEC rassemble des joueurs s\u00e9rieux, organis\u00e9s et passionn\u00e9s, \u00e9voluant dans un cadre structur\u00e9, professionnel et immersif. Nos op\u00e9rations reposent sur l\u2019efficacit\u00e9, la pr\u00e9paration et une discipline l\u00e9g\u00e8re mais constante, permettant d\u2019int\u00e9grer autant les nouveaux joueurs que les v\u00e9t\u00e9rans chevronn\u00e9s.<\/p><p>Qu\u2019est-ce qu\u2019une organisation industrielle-militaire ?<\/p><p>Chez INTEC, notre approche semi-RP et inspir\u00e9e du mod\u00e8le industriel &amp; paramilitaire garantit une coordination exemplaire sur le terrain.<br \/>La communication est claire, la structure est stable, et chaque op\u00e9ration est planifi\u00e9e pour offrir une exp\u00e9rience fluide et immersive.<\/p><p>Que vous soyez mineur, logisticien, pilote, technicien ou combattant, vous trouverez une place o\u00f9 \u00e9voluer \u00e0 votre rythme tout en b\u00e9n\u00e9ficiant d\u2019un cadre pr\u00e9cis :<\/p><p>des proc\u00e9dures simples et efficaces,<\/p><p>un esprit d\u2019\u00e9quipe constant,<\/p><p>une ambiance saine et respectueuse,<\/p><p>une hi\u00e9rarchie l\u00e9g\u00e8re mais organis\u00e9e.<\/p><p>Nos rassemblements, parfois compos\u00e9s de dizaines de membres, se d\u00e9roulent sans chaos : INTEC valorise la rigueur, la strat\u00e9gie et la coop\u00e9ration.<\/p><p>Notre r\u00e9putation ? Faire tourner l\u2019industrie. Assurer la s\u00e9curit\u00e9. Construire l\u2019avenir.<\/p>\t\t\t\t\t\t\t\t<\/div>\n\t\t\t\t\t<\/div>\n\t\t\t\t<\/div>\n\t\t<div class=\"elementor-element elementor-element-9d5e4cc e-con-full e-transform e-flex e-con e-parent\" data-id=\"9d5e4cc\" data-element_type=\"container\" data-settings=\"{&quot;background_background&quot;:&quot;classic&quot;,&quot;_transform_scaleX_effect&quot;:{&quot;unit&quot;:&quot;px&quot;,&quot;size&quot;:1.1,&quot;sizes&quot;:[]},&quot;_transform_scaleX_effect_tablet&quot;:{&quot;unit&quot;:&quot;px&quot;,&quot;size&quot;:&quot;&quot;,&quot;sizes&quot;:[]},&quot;_transform_scaleX_effect_mobile&quot;:{&quot;unit&quot;:&quot;px&quot;,&quot;size&quot;:&quot;&quot;,&quot;sizes&quot;:[]},&quot;_transform_scaleY_effect&quot;:{&quot;unit&quot;:&quot;px&quot;,&quot;size&quot;:&quot;&quot;,&quot;sizes&quot;:[]},&quot;_transform_scaleY_effect_tablet&quot;:{&quot;unit&quot;:&quot;px&quot;,&quot;size&quot;:&quot;&quot;,&quot;sizes&quot;:[]},&quot;_transform_scaleY_effect_mobile&quot;:{&quot;unit&quot;:&quot;px&quot;,&quot;size&quot;:&quot;&quot;,&quot;sizes&quot;:[]}}\">\n\t\t\t\t<div class=\"elementor-element elementor-element-b927740 elementor-widget__width-inherit elementor-widget elementor-widget-image\" data-id=\"b927740\" data-element_type=\"widget\" data-widget_type=\"image.default\">\n\t\t\t\t\t\t\t\t\t\t\t\t\t\t\t<img fetchpriority=\"high\" decoding=\"async\" width=\"1024\" height=\"576\" src=\"https:\/\/industrialterrancorp.fr\/wp-content\/uploads\/2025\/11\/140944-roue-ciel-les_jeux_video-genie_aerospatial-1920x1080-1-1024x576.jpg\" class=\"attachment-large size-large wp-image-1093\" alt=\"\" srcset=\"https:\/\/industrialterrancorp.fr\/wp-content\/uploads\/2025\/11\/140944-roue-ciel-les_jeux_video-genie_aerospatial-1920x1080-1-1024x576.jpg 1024w, https:\/\/industrialterrancorp.fr\/wp-content\/uploads\/2025\/11\/140944-roue-ciel-les_jeux_video-genie_aerospatial-1920x1080-1-300x169.jpg 300w, https:\/\/industrialterrancorp.fr\/wp-content\/uploads\/2025\/11\/140944-roue-ciel-les_jeux_video-genie_aerospatial-1920x1080-1-768x432.jpg 768w, https:\/\/industrialterrancorp.fr\/wp-content\/uploads\/2025\/11\/140944-roue-ciel-les_jeux_video-genie_aerospatial-1920x1080-1-1536x864.jpg 1536w, https:\/\/industrialterrancorp.fr\/wp-content\/uploads\/2025\/11\/140944-roue-ciel-les_jeux_video-genie_aerospatial-1920x1080-1-500x281.jpg 500w, https:\/\/industrialterrancorp.fr\/wp-content\/uploads\/2025\/11\/140944-roue-ciel-les_jeux_video-genie_aerospatial-1920x1080-1-800x450.jpg 800w, https:\/\/industrialterrancorp.fr\/wp-content\/uploads\/2025\/11\/140944-roue-ciel-les_jeux_video-genie_aerospatial-1920x1080-1-1280x720.jpg 1280w, https:\/\/industrialterrancorp.fr\/wp-content\/uploads\/2025\/11\/140944-roue-ciel-les_jeux_video-genie_aerospatial-1920x1080-1.jpg 1920w\" sizes=\"(max-width: 1024px) 100vw, 1024px\" \/>\t\t\t\t\t\t\t\t\t\t\t\t\t\t\t<\/div>\n\t\t\t\t<\/div>\n\t\t<div class=\"elementor-element elementor-element-3f3a14c e-flex e-con-boxed e-con e-parent\" data-id=\"3f3a14c\" data-element_type=\"container\" data-settings=\"{&quot;background_background&quot;:&quot;classic&quot;}\">\n\t\t\t\t\t<div class=\"e-con-inner\">\n\t\t\t\t<div class=\"elementor-element elementor-element-ecd312d elementor-widget elementor-widget-text-editor\" data-id=\"ecd312d\" data-element_type=\"widget\" data-widget_type=\"text-editor.default\">\n\t\t\t\t\t\t\t\t\t<p>Nos D\u00e9partements<\/p><p>Construis ton r\u00f4le au sein d\u2019INTEC et participe \u00e0 la croissance de la corporation.<\/p><p>Chaque d\u00e9partement poss\u00e8de ses propres sp\u00e9cialistes, ses formations et ses missions r\u00e9guli\u00e8res. Chez INTEC, la polyvalence est encourag\u00e9e : tu peux apprendre plusieurs m\u00e9tiers et \u00e9voluer librement.<\/p><p>D\u00e9partement Minage \u2014 Extraction &amp; Exploitation<\/p><p>La force industrielle d\u2019INTEC.<br \/>Mineurs, foreurs, op\u00e9rateurs de raffinerie, pilotes de transport lourd.<\/p><p>D\u00e9partement Logistique \u2014 Transport &amp; Support<\/p><p>Les coulisses de toute op\u00e9ration r\u00e9ussie.<br \/>Convoyage, refuel, r\u00e9parations, organisation de flux, gestion de cargaisons.<\/p><p>D\u00e9partement Recherche &amp; D\u00e9veloppement \u2014 Technologies<\/p><p>Techniciens, ing\u00e9nieurs, op\u00e9rateurs scanners, syst\u00e8mes et analyses.<br \/>Le d\u00e9partement qui \u00e9l\u00e8ve INTEC vers l\u2019excellence technique.<\/p><p>D\u00e9partement S\u00e9curit\u00e9 \u2014 Protection &amp; Interventions<\/p><p>L\u2019unit\u00e9 charg\u00e9e de prot\u00e9ger les convois, les zones mini\u00e8res et les membres.<br \/>Escortes, QRF, s\u00e9curisation et extraction en milieu hostile.<\/p><p>D\u00e9partement Affaires Internes &amp; Externes<\/p><p>Communication, administration, gestion interne, relations externes et coordination des missions civiles.<\/p><p>Unit\u00e9s Sp\u00e9cialis\u00e9es<\/p><p>\u00c9quipages lourds (multi-crew &amp; capital ships)<\/p><p>Unit\u00e9s tactiques (dropship, zones sensibles)<\/p><p>Pilotes d\u2019interception<\/p><p>Op\u00e9rations civiles (commerce, transport, missions de support)<\/p>\t\t\t\t\t\t\t\t<\/div>\n\t\t\t\t\t<\/div>\n\t\t\t\t<\/div>\n\t\t<div class=\"elementor-element elementor-element-d86b756 e-transform e-flex e-con-boxed e-con e-parent\" data-id=\"d86b756\" data-element_type=\"container\" data-settings=\"{&quot;background_background&quot;:&quot;video&quot;,&quot;background_video_link&quot;:&quot;https:\\\/\\\/www.youtube.com\\\/watch?v=TamoB9ubodE&quot;,&quot;background_video_end&quot;:50,&quot;_transform_scaleX_effect&quot;:{&quot;unit&quot;:&quot;px&quot;,&quot;size&quot;:1.1,&quot;sizes&quot;:[]},&quot;_transform_scaleY_effect&quot;:{&quot;unit&quot;:&quot;px&quot;,&quot;size&quot;:1,&quot;sizes&quot;:[]},&quot;_transform_scaleX_effect_tablet&quot;:{&quot;unit&quot;:&quot;px&quot;,&quot;size&quot;:&quot;&quot;,&quot;sizes&quot;:[]},&quot;_transform_scaleX_effect_mobile&quot;:{&quot;unit&quot;:&quot;px&quot;,&quot;size&quot;:&quot;&quot;,&quot;sizes&quot;:[]},&quot;_transform_scaleY_effect_tablet&quot;:{&quot;unit&quot;:&quot;px&quot;,&quot;size&quot;:&quot;&quot;,&quot;sizes&quot;:[]},&quot;_transform_scaleY_effect_mobile&quot;:{&quot;unit&quot;:&quot;px&quot;,&quot;size&quot;:&quot;&quot;,&quot;sizes&quot;:[]}}\">\n\t\t\t\t\t<div class=\"e-con-inner\">\n\t\t<div class=\"elementor-background-video-container elementor-hidden-mobile\" aria-hidden=\"true\">\n\t\t\t\t\t\t\t<div class=\"elementor-background-video-embed\"><\/div>\n\t\t\t\t\t\t<\/div>\t\t\t<\/div>\n\t\t\t\t<\/div>\n\t\t<div class=\"elementor-element elementor-element-e594cdc e-flex e-con-boxed e-con e-parent\" data-id=\"e594cdc\" data-element_type=\"container\">\n\t\t\t\t\t<div class=\"e-con-inner\">\n\t\t\t\t<div class=\"elementor-element elementor-element-6378f9b elementor-widget elementor-widget-text-editor\" data-id=\"6378f9b\" data-element_type=\"widget\" data-widget_type=\"text-editor.default\">\n\t\t\t\t\t\t\t\t\t<p>Lorem ipsum dolor sit amet, consectetur adipiscing elit. Ut elit tellus, luctus nec ullamcorper mattis, pulvinar dapibus leo.<\/p>\t\t\t\t\t\t\t\t<\/div>\n\t\t\t\t\t<\/div>\n\t\t\t\t<\/div>\n\t\t\t\t<\/div>\n\t\t","protected":false},"excerpt":{"rendered":"<p>INTEC Corporation francophone sp\u00e9cialis\u00e9e dans l\u2019industrie, la logistique avanc\u00e9e et les op\u00e9rations de s\u00e9curit\u00e9 dans Star Citizen. INTEC rassemble des [&hellip;]<\/p>\n","protected":false},"author":1,"featured_media":0,"parent":0,"menu_order":0,"comment_status":"closed","ping_status":"closed","template":"elementor_theme","meta":{"site-sidebar-layout":"no-sidebar","site-content-layout":"","ast-site-content-layout":"full-width-container","site-content-style":"default","site-sidebar-style":"default","ast-global-header-display":"","ast-banner-title-visibility":"","ast-main-header-display":"","ast-hfb-above-header-display":"","ast-hfb-below-header-display":"","ast-hfb-mobile-header-display":"","site-post-title":"disabled","ast-breadcrumbs-content":"","ast-featured-img":"disabled","footer-sml-layout":"","theme-transparent-header-meta":"","adv-header-id-meta":"","stick-header-meta":"","header-above-stick-meta":"","header-main-stick-meta":"","header-below-stick-meta":"","astra-migrate-meta-layouts":"default","ast-page-background-enabled":"default","ast-page-background-meta":{"desktop":{"background-color":"var(--ast-global-color-5)","background-image":"","background-repeat":"repeat","background-position":"center center","background-size":"auto","background-attachment":"scroll","background-type":"","background-media":"","overlay-type":"","overlay-color":"","overlay-opacity":"","overlay-gradient":""},"tablet":{"background-color":"","background-image":"","background-repeat":"repeat","background-position":"center center","background-size":"auto","background-attachment":"scroll","background-type":"","background-media":"","overlay-type":"","overlay-color":"","overlay-opacity":"","overlay-gradient":""},"mobile":{"background-color":"","background-image":"","background-repeat":"repeat","background-position":"center center","background-size":"auto","background-attachment":"scroll","background-type":"","background-media":"","overlay-type":"","overlay-color":"","overlay-opacity":"","overlay-gradient":""}},"ast-content-background-meta":{"desktop":{"background-color":"var(--ast-global-color-4)","background-image":"","background-repeat":"repeat","background-position":"center center","background-size":"auto","background-attachment":"scroll","background-type":"","background-media":"","overlay-type":"","overlay-color":"","overlay-opacity":"","overlay-gradient":""},"tablet":{"background-color":"var(--ast-global-color-4)","background-image":"","background-repeat":"repeat","background-position":"center center","background-size":"auto","background-attachment":"scroll","background-type":"","background-media":"","overlay-type":"","overlay-color":"","overlay-opacity":"","overlay-gradient":""},"mobile":{"background-color":"var(--ast-global-color-4)","background-image":"","background-repeat":"repeat","background-position":"center center","background-size":"auto","background-attachment":"scroll","background-type":"","background-media":"","overlay-type":"","overlay-color":"","overlay-opacity":"","overlay-gradient":""}},"ngg_post_thumbnail":0,"footnotes":""},"class_list":["post-27","page","type-page","status-publish","hentry"],"_links":{"self":[{"href":"https:\/\/industrialterrancorp.fr\/index.php?rest_route=\/wp\/v2\/pages\/27","targetHints":{"allow":["GET"]}}],"collection":[{"href":"https:\/\/industrialterrancorp.fr\/index.php?rest_route=\/wp\/v2\/pages"}],"about":[{"href":"https:\/\/industrialterrancorp.fr\/index.php?rest_route=\/wp\/v2\/types\/page"}],"author":[{"embeddable":true,"href":"https:\/\/industrialterrancorp.fr\/index.php?rest_route=\/wp\/v2\/users\/1"}],"replies":[{"embeddable":true,"href":"https:\/\/industrialterrancorp.fr\/index.php?rest_route=%2Fwp%2Fv2%2Fcomments&post=27"}],"version-history":[{"count":114,"href":"https:\/\/industrialterrancorp.fr\/index.php?rest_route=\/wp\/v2\/pages\/27\/revisions"}],"predecessor-version":[{"id":1335,"href":"https:\/\/industrialterrancorp.fr\/index.php?rest_route=\/wp\/v2\/pages\/27\/revisions\/1335"}],"wp:attachment":[{"href":"https:\/\/industrialterrancorp.fr\/index.php?rest_route=%2Fwp%2Fv2%2Fmedia&parent=27"}],"curies":[{"name":"wp","href":"https:\/\/api.w.org\/{rel}","templated":true}]}}