{"id":879,"date":"2025-11-29T21:42:51","date_gmt":"2025-11-29T20:42:51","guid":{"rendered":"https:\/\/industrialterrancorp.fr\/?page_id=879"},"modified":"2025-11-30T12:41:52","modified_gmt":"2025-11-30T11:41:52","slug":"securite-2","status":"publish","type":"page","link":"https:\/\/industrialterrancorp.fr\/?page_id=879","title":{"rendered":"S\u00e9curit\u00e9"},"content":{"rendered":"\t\t<div data-elementor-type=\"wp-page\" data-elementor-id=\"879\" class=\"elementor elementor-879\" data-elementor-post-type=\"page\">\n\t\t\t\t<div class=\"elementor-element elementor-element-0698ea5 e-transform e-flex e-con-boxed e-con e-parent\" data-id=\"0698ea5\" data-element_type=\"container\" data-settings=\"{&quot;background_background&quot;:&quot;video&quot;,&quot;background_video_link&quot;:&quot;https:\\\/\\\/www.youtube.com\\\/watch?v=jH-CL-ksQsk&amp;t=29s&quot;,&quot;background_video_start&quot;:3,&quot;background_video_end&quot;:33,&quot;_transform_scale_effect&quot;:{&quot;unit&quot;:&quot;px&quot;,&quot;size&quot;:1.1,&quot;sizes&quot;:[]},&quot;_transform_scale_effect_tablet&quot;:{&quot;unit&quot;:&quot;px&quot;,&quot;size&quot;:&quot;&quot;,&quot;sizes&quot;:[]},&quot;_transform_scale_effect_mobile&quot;:{&quot;unit&quot;:&quot;px&quot;,&quot;size&quot;:&quot;&quot;,&quot;sizes&quot;:[]}}\">\n\t\t\t\t\t<div class=\"e-con-inner\">\n\t\t<div class=\"elementor-background-video-container elementor-hidden-mobile\" aria-hidden=\"true\">\n\t\t\t\t\t\t\t<div class=\"elementor-background-video-embed\"><\/div>\n\t\t\t\t\t\t<\/div>\t\t\t<\/div>\n\t\t\t\t<\/div>\n\t\t<div class=\"elementor-element elementor-element-f99f9b2 e-flex e-con-boxed e-con e-parent\" data-id=\"f99f9b2\" data-element_type=\"container\" data-settings=\"{&quot;background_background&quot;:&quot;classic&quot;}\">\n\t\t\t\t\t<div class=\"e-con-inner\">\n\t\t\t\t<div class=\"elementor-element elementor-element-57f2f82 elementor-widget elementor-widget-text-editor\" data-id=\"57f2f82\" data-element_type=\"widget\" data-widget_type=\"text-editor.default\">\n\t\t\t\t\t\t\t\t\t<p><img decoding=\"async\" class=\"alignnone wp-image-979\" src=\"https:\/\/industrialterrancorp.fr\/wp-content\/uploads\/2025\/11\/2d51a15b-2e26-47ca-b8a1-4a55f8730a81-300x200.png\" alt=\"\" width=\"147\" height=\"98\" srcset=\"https:\/\/industrialterrancorp.fr\/wp-content\/uploads\/2025\/11\/2d51a15b-2e26-47ca-b8a1-4a55f8730a81-300x200.png 300w, https:\/\/industrialterrancorp.fr\/wp-content\/uploads\/2025\/11\/2d51a15b-2e26-47ca-b8a1-4a55f8730a81-1024x683.png 1024w, https:\/\/industrialterrancorp.fr\/wp-content\/uploads\/2025\/11\/2d51a15b-2e26-47ca-b8a1-4a55f8730a81-768x512.png 768w, https:\/\/industrialterrancorp.fr\/wp-content\/uploads\/2025\/11\/2d51a15b-2e26-47ca-b8a1-4a55f8730a81-500x333.png 500w, https:\/\/industrialterrancorp.fr\/wp-content\/uploads\/2025\/11\/2d51a15b-2e26-47ca-b8a1-4a55f8730a81-800x533.png 800w, https:\/\/industrialterrancorp.fr\/wp-content\/uploads\/2025\/11\/2d51a15b-2e26-47ca-b8a1-4a55f8730a81-1280x853.png 1280w, https:\/\/industrialterrancorp.fr\/wp-content\/uploads\/2025\/11\/2d51a15b-2e26-47ca-b8a1-4a55f8730a81.png 1536w\" sizes=\"(max-width: 147px) 100vw, 147px\" \/><\/p>\n<p><strong>Que ce soit sur terre ou dans l\u2019espace, le D\u00e9partement S\u00e9curit\u00e9 (DSE) est en charge de&nbsp;&nbsp;&nbsp;&nbsp;&nbsp;&nbsp;&nbsp;&nbsp;&nbsp;&nbsp;&nbsp;&nbsp;&nbsp;&nbsp;&nbsp;&nbsp;&nbsp;<\/strong><\/p>\n<p><strong>&nbsp; &nbsp; prot\u00e9ger les vaisseaux, les infrastructures, les op\u00e9rations D\u2019INTEC ainsi que ses int\u00e9r\u00eats.&nbsp; Nos services de sant\u00e9 seront sous l&rsquo;\u00e9gide de ce d\u00e9partement.<\/strong><\/p>\t\t\t\t\t\t\t\t<\/div>\n\t\t\t\t\t<\/div>\n\t\t\t\t<\/div>\n\t\t\t\t<\/div>\n\t\t","protected":false},"excerpt":{"rendered":"<p>Que ce soit sur terre ou dans l\u2019espace, le D\u00e9partement S\u00e9curit\u00e9 (DSE) est en charge de&nbsp;&nbsp;&nbsp;&nbsp;&nbsp;&nbsp;&nbsp;&nbsp;&nbsp;&nbsp;&nbsp;&nbsp;&nbsp;&nbsp;&nbsp;&nbsp;&nbsp; &nbsp; &nbsp; prot\u00e9ger les [&hellip;]<\/p>\n","protected":false},"author":1,"featured_media":0,"parent":0,"menu_order":0,"comment_status":"closed","ping_status":"closed","template":"elementor_theme","meta":{"site-sidebar-layout":"no-sidebar","site-content-layout":"","ast-site-content-layout":"full-width-container","site-content-style":"default","site-sidebar-style":"boxed","ast-global-header-display":"","ast-banner-title-visibility":"","ast-main-header-display":"","ast-hfb-above-header-display":"","ast-hfb-below-header-display":"","ast-hfb-mobile-header-display":"","site-post-title":"disabled","ast-breadcrumbs-content":"","ast-featured-img":"disabled","footer-sml-layout":"","theme-transparent-header-meta":"","adv-header-id-meta":"","stick-header-meta":"","header-above-stick-meta":"","header-main-stick-meta":"","header-below-stick-meta":"","astra-migrate-meta-layouts":"default","ast-page-background-enabled":"default","ast-page-background-meta":{"desktop":{"background-color":"var(--ast-global-color-5)","background-image":"","background-repeat":"repeat","background-position":"center center","background-size":"auto","background-attachment":"scroll","background-type":"","background-media":"","overlay-type":"","overlay-color":"","overlay-opacity":"","overlay-gradient":""},"tablet":{"background-color":"","background-image":"","background-repeat":"repeat","background-position":"center center","background-size":"auto","background-attachment":"scroll","background-type":"","background-media":"","overlay-type":"","overlay-color":"","overlay-opacity":"","overlay-gradient":""},"mobile":{"background-color":"","background-image":"","background-repeat":"repeat","background-position":"center center","background-size":"auto","background-attachment":"scroll","background-type":"","background-media":"","overlay-type":"","overlay-color":"","overlay-opacity":"","overlay-gradient":""}},"ast-content-background-meta":{"desktop":{"background-color":"var(--ast-global-color-4)","background-image":"","background-repeat":"repeat","background-position":"center center","background-size":"auto","background-attachment":"scroll","background-type":"","background-media":"","overlay-type":"","overlay-color":"","overlay-opacity":"","overlay-gradient":""},"tablet":{"background-color":"var(--ast-global-color-4)","background-image":"","background-repeat":"repeat","background-position":"center center","background-size":"auto","background-attachment":"scroll","background-type":"","background-media":"","overlay-type":"","overlay-color":"","overlay-opacity":"","overlay-gradient":""},"mobile":{"background-color":"var(--ast-global-color-4)","background-image":"","background-repeat":"repeat","background-position":"center center","background-size":"auto","background-attachment":"scroll","background-type":"","background-media":"","overlay-type":"","overlay-color":"","overlay-opacity":"","overlay-gradient":""}},"ngg_post_thumbnail":0,"footnotes":""},"class_list":["post-879","page","type-page","status-publish","hentry"],"_links":{"self":[{"href":"https:\/\/industrialterrancorp.fr\/index.php?rest_route=\/wp\/v2\/pages\/879","targetHints":{"allow":["GET"]}}],"collection":[{"href":"https:\/\/industrialterrancorp.fr\/index.php?rest_route=\/wp\/v2\/pages"}],"about":[{"href":"https:\/\/industrialterrancorp.fr\/index.php?rest_route=\/wp\/v2\/types\/page"}],"author":[{"embeddable":true,"href":"https:\/\/industrialterrancorp.fr\/index.php?rest_route=\/wp\/v2\/users\/1"}],"replies":[{"embeddable":true,"href":"https:\/\/industrialterrancorp.fr\/index.php?rest_route=%2Fwp%2Fv2%2Fcomments&post=879"}],"version-history":[{"count":67,"href":"https:\/\/industrialterrancorp.fr\/index.php?rest_route=\/wp\/v2\/pages\/879\/revisions"}],"predecessor-version":[{"id":1038,"href":"https:\/\/industrialterrancorp.fr\/index.php?rest_route=\/wp\/v2\/pages\/879\/revisions\/1038"}],"wp:attachment":[{"href":"https:\/\/industrialterrancorp.fr\/index.php?rest_route=%2Fwp%2Fv2%2Fmedia&parent=879"}],"curies":[{"name":"wp","href":"https:\/\/api.w.org\/{rel}","templated":true}]}}